{"id":1026,"date":"2024-04-03T06:32:04","date_gmt":"2024-04-03T06:32:04","guid":{"rendered":"https:\/\/inspirationresort.hr\/?page_id=1026"},"modified":"2025-04-23T12:18:49","modified_gmt":"2025-04-23T12:18:49","slug":"politika-privatnosti","status":"publish","type":"page","link":"https:\/\/inspirationresort.hr\/en\/politika-privatnosti\/","title":{"rendered":"Privacy policy"},"content":{"rendered":"<div data-elementor-type=\"wp-page\" data-elementor-id=\"1026\" class=\"elementor elementor-1026\" data-elementor-post-type=\"page\">\n\t\t\t\t\t\t<section class=\"elementor-section elementor-top-section elementor-element elementor-element-piz0fa5 ct-section-stretched elementor-section-boxed elementor-section-height-default elementor-section-height-default\" data-id=\"piz0fa5\" data-element_type=\"section\" data-settings=\"{&quot;background_background&quot;:&quot;classic&quot;}\">\n\t\t\t\t\t\t<div class=\"elementor-container elementor-column-gap-default\">\n\t\t\t\t\t<div class=\"elementor-column elementor-col-100 elementor-top-column elementor-element elementor-element-cdd3c9f\" data-id=\"cdd3c9f\" data-element_type=\"column\">\n\t\t\t<div class=\"elementor-widget-wrap elementor-element-populated\">\n\t\t\t\t\t\t<div class=\"elementor-element elementor-element-449b547 elementor-widget-laptop__width-initial elementor-widget elementor-widget-heading\" data-id=\"449b547\" data-element_type=\"widget\" data-widget_type=\"heading.default\">\n\t\t\t\t<div class=\"elementor-widget-container\">\n\t\t\t<h2 class=\"elementor-heading-title elementor-size-default\">Privacy policy<\/h2>\t\t<\/div>\n\t\t\t\t<\/div>\n\t\t\t\t<div class=\"elementor-element elementor-element-3eb009d elementor-widget-divider--view-line elementor-widget elementor-widget-divider\" data-id=\"3eb009d\" data-element_type=\"widget\" data-widget_type=\"divider.default\">\n\t\t\t\t<div class=\"elementor-widget-container\">\n\t\t\t\t\t<div class=\"elementor-divider\">\n\t\t\t<span class=\"elementor-divider-separator\">\n\t\t\t\t\t\t<\/span>\n\t\t<\/div>\n\t\t\t\t<\/div>\n\t\t\t\t<\/div>\n\t\t\t\t<div class=\"elementor-element elementor-element-e879fde elementor-widget-laptop__width-initial elementor-widget__width-inherit elementor-widget-mobile__width-inherit elementor-widget elementor-widget-text-editor\" data-id=\"e879fde\" data-element_type=\"widget\" data-widget_type=\"text-editor.default\">\n\t\t\t\t<div class=\"elementor-widget-container\">\n\t\t\t\t\t\t\t<div title=\"Please read this document carefully to be familiar with the conditions and ways of\nusing your personal data in the company Inspiration heights d.o.o., as Data\nController.\nPurpose of collecting personal data\"><p><strong>Inspiration resort d.o.o., Nova cesta 2, 10 434 Strmec Samoborski, PIN(OIB): HR\n66205669577 (further in text: Inspiration resort and\/or Data Controller)\nrepresented by its general manager Davor Radman<\/strong><\/p><\/div>\t\t\t\t\t\t<\/div>\n\t\t\t\t<\/div>\n\t\t\t\t<div class=\"elementor-element elementor-element-d787b8a elementor-widget-laptop__width-initial elementor-widget__width-inherit elementor-widget-mobile__width-inherit elementor-widget elementor-widget-text-editor\" data-id=\"d787b8a\" data-element_type=\"widget\" data-widget_type=\"text-editor.default\">\n\t\t\t\t<div class=\"elementor-widget-container\">\n\t\t\t\t\t\t\t<div title=\"Please read this document carefully to be familiar with the conditions and ways of\nusing your personal data in the company Inspiration heights d.o.o., as Data\nController.\nPurpose of collecting personal data\"><p>In order to exercise the right to the protection of personal data with regard to\nRegulation (EU) 2016\/679 of the European Parliament and of the Council of 27 April\n2016 on the protection of natural persons with regard to the processing of personal\ndata and on the free movement of such data (General Data Protection Regulation)\nin this document we explain when and why we collect and process personal data.<\/p><\/div>\t\t\t\t\t\t<\/div>\n\t\t\t\t<\/div>\n\t\t\t\t<div class=\"elementor-element elementor-element-f7d5737 elementor-widget elementor-widget-heading\" data-id=\"f7d5737\" data-element_type=\"widget\" data-widget_type=\"heading.default\">\n\t\t\t\t<div class=\"elementor-widget-container\">\n\t\t\t<h2 class=\"elementor-heading-title elementor-size-default\"><span style=\"color: rgb(51, 51, 51); font-family: TrebuchetMS; font-size: 22.6667px; white-space-collapse: collapse;\">PRIVACY POLICY<\/span><\/h2>\t\t<\/div>\n\t\t\t\t<\/div>\n\t\t\t\t<div class=\"elementor-element elementor-element-a3e91b1 elementor-widget-laptop__width-initial elementor-widget__width-initial elementor-widget-mobile__width-inherit elementor-widget elementor-widget-text-editor\" data-id=\"a3e91b1\" data-element_type=\"widget\" data-widget_type=\"text-editor.default\">\n\t\t\t\t<div class=\"elementor-widget-container\">\n\t\t\t\t\t\t\t<p class=\" translation-block\"><\/b>Please read this document carefully to be familiar with the conditions and ways\nof using your personal data in the company Inspiration resort d.o.o., as Data\nController.<\/b><br><br>\n<b>Purpose of collecting personal data<\/b><br><br>\n<b>In contacting you, we may ask that you to share your personal information with\nus for the following purposes:<\/b><br>\n\u25cf Service booking<br>\n\u25cf Participation in the web activities of Inspiration resort d.o.o. on the\nInternet, including our channels \/ pages on social networks and the like<br>\n\u25cf Service problem solving<br><br>\n<b>In business with Inspiration resort d.o.o. as a customer, supplier or business\npartner, we will ask you to share your personal information with us for the\nfollowing purposes:<\/b><br>\n\u25cf Fulfillment of the legal obligation towards state bodies in terms of\ninformation on the status of the contractual relationship<br>\n\u25cf Customer Relationship Management<br>\n\u25cf Providing access to information<br>\n\u25cf Employment<br>\n\u25cf Other types of communications<br>\n\u25cf Answering questions or resolving requests for service<br>\n\u25cf Providing a service<br><br>\nIn general, we process your personal information only for the purposes for which\nwe informed you. These purposes may be based on the legal regulations that\nInspiration resort d.o.o. must respect, under the contract that Inspiration resort\nd.o.o. concluded with you and based on personal consent.<br><br>\nPersonal information that Inspiration resort d.o.o. may collect<br><br>\n<b>When interacting with Inspiration resort d.o.o. in person, via e-mail, telephone,\nwebsite or social network, we may request or receive certain information such\nas:<\/b><br><br>\n\u25cf General personal data, including: name and surname, PIN, date of birth<br>\n\u25cf Contact information, including: address, telephone\/mobile number, e-mail<br>\n\u25cf Work position<br>\n\u25cf History of the business relationship<br>\n\u25cf Consent data (not just consent according to GDPR)<br>\n\u25cf Payment information<br>\n\u25cf Data on visits<br>\n\u25cf User message or inquiry that may include information about a past or\ncurrent business relationship<br>\n\u25cf Data from the identity card, passport, driver's license when contracting the\nrental service<br>\n\u25cf GPS data when using the car rental service or group driving service, including:<br>\n  o Date, time, and location of vehicle drives,\n  o Date, time, and location of vehicle stops,\n  o Vehicle driver in the case of driver identification.<br><br>\n<b>When you communicate with Inspiration resort d.o.o. as a supplier or business\npartner, we may collect the following information:<\/b><br><br>\n\u25cf Name and surname<br>\n\u25cf Email address<br>\n\u25cf Phone number<br>\n\u25cf Business address<br>\n\u25cf Name and address of the company you work for<br>\n\u25cf Personal details that may be relevant to the business relationship, e.g., your\nprofessional experience, etc.<br><br>\n<b>Ways of collecting personal data<\/b><br><br>\n<b>You can share personal data with Inspiration resort d.o.o. through (not limited to):<\/b><br><br>\n\u25cf Communication with Inspiration resort d.o.o. (may be related to the\nservice, through an inquiry or request you have made to us)<br>\n\u25cf Communication with some of the employees of Inspiration resort\nd.o.o. in person, by e-mail, telephone or in spoken or written form<br>\n\u25cf Using the website and its functionalities<br>\n\u25cf Ordering services and \/ or products through delivery services<br>\n\u25cf Participation in activities on social networks related to the promotion of\nInspiration resort d.o.o.<br>\n\u25cf Voluntary participation in surveys<br>\n\u25cf Social media monitoring: Inspiration resort d.o.o. can search the Internet for\nrelevant and publicly available content and use it to improve its\nservices, address customer requirements and provide targeted marketing\ncontent.<br>\n\u25cf When renting a car or booking a group drive service with Inspiration resort,\nwhere the vehicle can be equipped with a geolocation system and a\ndevice for monitoring and locating the vehicle in case the vehicle is stolen\nor not returned to the rental location or to locate the vehicle in case of\naccident or breakdown. The lessee is informed about this before concluding\nthe contract with the lessor (Inspiration resort).<br><br>\n<b>When you communicate with Inspiration resort d.o.o. as a supplier or business<\/b><br>\npartner, potential employee and similar, data collection is done through:<br>\n\u25cf Concluding cooperation and \/ or employment agreements<br>\n\u25cf Provision of services by Inspiration resort d.o.o.<br>\n\u25cf Communication with Inspiration resort d.o.o.<br>\n\u25cf Developing partnership<br>\n\u25cf Participation in fairs, events, or promotions<br>\n\u25cf Voluntary participation in surveys<br><br>\nIf you do not want Inspiration resort d.o.o. uses personal data that you did not\nprovide yourself, you can contact us at any time at the e-mail\naddress: dorotea@radman.hr and our Data Protection Officer (DPO) will refer you to\nthe procedure for exercising the rights of Data subjects.<br><br>\n<b>Sharing personal information<\/b><br><br>\nWe may share your personal information with service providers, business partners\nand other third parties, in accordance with applicable law and business agreements\nwe have with such institutions. In certain cases, when the law does not require it,\nyour personal data may be passed on to third parties such as accounting service,\ncompany that provides customer management software, company that analyses our\nwebsite, delivery service and the like. This way Inspiration resort d.o.o. confirms\nthat it warned all suppliers (third parties) used in business that they are obliged to\ncomply with the GDPR, and that all collected and processed data that are not part\nof legal obligations must be resolved by concluding Data Protection Agreement\n(DPA) which clearly stipulates the obligations of suppliers. How to treat personal\ndata obtained in accordance with the law and other positive regulations, and to\napply adequate organizational and technical data protection measures.<br><br>\nIf we are required by law to obtain your consent or for any other reason, we\nbelieve that your consent is required in certain circumstances, we will ask for it\nbefore sharing your personal information.<br><br>\nAfter you provide us your personal data, it is possible to update, change or request\ntheir deletion via e-mail: dorotea@radman.hr. You can ask other privacy questions\nor submit your privacy complaints through the same address. In order to prevent\nunauthorized requests, in the process of exercising your rights, we will ask you to\nfill in the form for exercising the rights of Data subjects (natural persons) and\nforward it to us.<br><br>\n<b>Scope related to the Internet<\/b><br><br>\n<b>Social networks<\/b><br>\nIf you are a member of social networks such as Facebook, Twitter, Instagram,\nLinkedIn, etc., you should be familiar with the tools provided by these sites and\nchoosing how to share personal information on social media profiles.<br>\nIn addition, depending on the choice related to settings on various social networks,\ncertain personal information may be shared with Inspiration resort d.o.o.; for\nexample, information about your online activities, social media profiles (e.g.,\ninterests, marital status, gender, username, photo, comments, and content you\nhave posted \/ shared, etc.).<br><br>\n<b>Children and minors<\/b><br>\nInspiration resort d.o.o. does not communicate in any way with children and\n\/ or minors. If accidental contact occurs, all contact and communication with\nchildren and minors is carried out in a way that communicates, talks, negotiates\nand contracts exclusively with the parent \/ guardian. The contract, consent,\nconsent, and any other legally binding document are signed exclusively by the\nparent \/ guardian.<br><br>\n<b>How do we store data?<\/b><br>\nWe store and process only those data and from those users who have given personal\nconsent for their processing and \/ or in accordance with contractual obligations or\nwe have obtained such data based on law or contract. The protection of personal\ndata privacy is permanent, and we take all measures to protect it in accordance\nwith the General Data Protection Regulation.<br><br>\n<b>How do we protect the User's personal data?<\/b><br>\nAccording to the assessed risks for personal data, Inspiration resort d.o.o. has\nestablished technical and organizational measures for the protection of personal\ndata. These measures are related to office document protection, computer\nprotection, employee code of conduct, contractual relations with external service\nproviders. In addition, financial transactions are regulated and supervised by the\nNational Bank.<br><br>\n<b>The rights you have<\/b><br><br>\nWe want to get to know you better so that we can provide you with a better service,\nwhile respecting your choices about how we use your personal information.<br><br>\n<b>1. Consent<\/b><br>\nYou may be asked to give your consent for the collection of data and their use.<br><br>\n<b>2. Right to Erasure<\/b><br>\nYou may request the deletion of all your personal data for which you have\npreviously given consent to use unless there is a legal impediment to the deletion\nof which we will adequately inform you.<br><br>\n<b>3. Right to Data Portability<\/b><br>\nYou can transfer your personal data from one electronic processing system to\nanother without interfering with the data\ncontroller.<br><br>\n<b>4. Right to Object<\/b><br>\nIt is your right to relinquish your consent in whole or in part, without consequences\nand explanations, and to request the cessation of your personal data processing and\nmarketing activities directed at you. You can file a revocation in person to:\nInspiration resort d.o.o., Nova cesta 2, 10 434 Strmec Samoborski, Croatia or by email at dorotea@radman.hr.<br><br>\n<b>5. Right to Restrict Data Processing<\/b><br>\nThe Data subject has the right to obtain a processing restriction from the Data\ncontroller if:<br>\n\u25cf the Data subject disputes the accuracy of personal data, for the period\nduring which the controller allows the accuracy of personal data to be\nverified.<br>\n\u25cf the processing is illegal, and the Data subject opposes the deletion of\npersonal data and instead requests a restriction on their use.<br>\n\u25cf the Data controller no longer needs personal data for processing purposes,\nbut the Data subject requests them in order to set, realize or defend legal\nclaims.<br>\n\u25cf the Data subject has lodged an objection to the processing pursuant to Article\n21\n(1) of the Personal Data Protection Regulation pending confirmation of\nwhether the legitimate reasons of the Data controller exceed the reasons of\nthe Data subject.<br><br>\nFor all additional questions related to the collection and processing of personal\ndata, you can always contact us at Inspiration resort d.o.o., Nova cesta 2, 10 434\nStrmec Samoborski, Croatia or by e-mail at dorotea@radman.hr.<\/p>\t\t\t\t\t\t<\/div>\n\t\t\t\t<\/div>\n\t\t\t\t\t<\/div>\n\t\t<\/div>\n\t\t\t\t\t<\/div>\n\t\t<\/section>\n\t\t\t\t<\/div>","protected":false},"excerpt":{"rendered":"<p>Politika privatnosti Inspiration resort d.o.o., Nova cesta 2, 10 434 Strmec Samoborski, OIB: 66205669577 (dalje u tekstu: Inspiration resort i\/ili voditelj obrade)zastupan po direktoru Davoru Radmanu U cilju ostvarivanja prava na za\u0161titu osobnih podataka u skladu s Op\u0107om uredbom o za\u0161titi podataka (Uredba (EU) 2016\/679 EUROPSKOG PARLAMENTA I VIJE\u0106A od 27. travnja 2016. o za\u0161titi [&hellip;]<\/p>","protected":false},"author":1,"featured_media":0,"parent":0,"menu_order":0,"comment_status":"closed","ping_status":"closed","template":"","meta":{"_acf_changed":false,"footnotes":""},"class_list":["post-1026","page","type-page","status-publish","hentry"],"blocksy_meta":[],"acf":[],"_links":{"self":[{"href":"https:\/\/inspirationresort.hr\/en\/wp-json\/wp\/v2\/pages\/1026","targetHints":{"allow":["GET"]}}],"collection":[{"href":"https:\/\/inspirationresort.hr\/en\/wp-json\/wp\/v2\/pages"}],"about":[{"href":"https:\/\/inspirationresort.hr\/en\/wp-json\/wp\/v2\/types\/page"}],"author":[{"embeddable":true,"href":"https:\/\/inspirationresort.hr\/en\/wp-json\/wp\/v2\/users\/1"}],"replies":[{"embeddable":true,"href":"https:\/\/inspirationresort.hr\/en\/wp-json\/wp\/v2\/comments?post=1026"}],"version-history":[{"count":130,"href":"https:\/\/inspirationresort.hr\/en\/wp-json\/wp\/v2\/pages\/1026\/revisions"}],"predecessor-version":[{"id":2043,"href":"https:\/\/inspirationresort.hr\/en\/wp-json\/wp\/v2\/pages\/1026\/revisions\/2043"}],"wp:attachment":[{"href":"https:\/\/inspirationresort.hr\/en\/wp-json\/wp\/v2\/media?parent=1026"}],"curies":[{"name":"wp","href":"https:\/\/api.w.org\/{rel}","templated":true}]}}